{"id":7,"date":"2023-12-26T10:18:06","date_gmt":"2023-12-26T09:18:06","guid":{"rendered":"https:\/\/jazzistiques.net\/?page_id=7"},"modified":"2025-07-27T18:54:24","modified_gmt":"2025-07-27T16:54:24","slug":"les-projets","status":"publish","type":"page","link":"https:\/\/jazzistiques.net\/index.php\/les-projets\/","title":{"rendered":"Les projets"},"content":{"rendered":"\n<p>Parmi nos adh\u00e9rents, certains on d\u00e9velopp\u00e9 des projets musicaux et se produisent dans des \u00e9v\u00e8nements publics et priv\u00e9s.<\/p>\n\n\n\n<p><strong>The FUNNY Valentines Jazz Band <\/strong>est un groupe de jazz vocal qui se produit principalement dans l\u2019\u00e9v\u00e8nementiel. Autour de la chanteuse Caroline Benoit, on retrouve Thierry Andr\u00e9o \u00e0 la guitare, Marc Mazoti \u00e0 la contrebasse, Patrick Giovanoli \u00ab Mao \u00bb \u00e0 la batterie et enfin Ugo Lemarchand au saxophone et au piano. Pour acc\u00e9der au site du groupe, c\u2019est<strong> ici<\/strong><\/p>\n\n\n\n<p><strong><a href=\"http:\/\/www.veromicha.com\/\" target=\"_blank\" rel=\"noreferrer noopener\">V\u00e9romich<\/a><a href=\"http:\/\/www.veromicha.com\/\">a<\/a><\/strong> est un groupe de chansons fran\u00e7aises originales. V\u00e9ronique Michaud, autrice, compositrice et interpr\u00e8te est entour\u00e9e des m\u00eames Thierry Andr\u00e9o aux guitares, Marc Mazoti \u00e0 la basse et la contrebasse ainsi que Marion Maggliozi au claviers et depuis peu, d&rsquo;Augustin Quenel aux percussions. Pour acc\u00e9der au site du groupe, c\u2019est <a href=\"http:\/\/www.veromicha.com\/\"><strong>ici<\/strong><\/a><\/p>\n\n\n\n<p><strong><a href=\"https:\/\/jazzistiques.net\/index.php\/gismo-quintet\/\">Gismo Quintet<\/a> <\/strong>est un groupe de chanson fran\u00e7aise. Gis\u00e8le Maurizio y interpr\u00e8te un r\u00e9pertoire allant de Barbara en passant par Georges Brassens, Edith Piaf ou Claude Nougaro entre autres\u2026 Elle est accompagn\u00e9e au piano par Marja Jolivet, sa complice de toujours, ainsi que de Ren\u00e9 Brion occasionnellement. En Quintet, on retrouve les incontournables Thierry Andr\u00e9o et Marc Mazoti \u00e0 \u00e0 la guitare et la contrebasse, ainsi que Marja Jolivet au piano et Pierre Verger \u00e0 la fl\u00fbte traversi\u00e8re. Selon les occasions, des duos, trios et quartet se produisent parfois. <\/p>\n\n\n\n<p><a href=\"https:\/\/jazzistiques.net\/index.php\/les-endimanches\/\"><strong>Les Endimanch\u00e9s<\/strong><\/a>, c\u2019est un groupe de Jazz instrumental mais c\u2019est avant tout une histoire d\u2019amiti\u00e9 entre anciens musiciens de l\u2019atelier pratique amateur de la Cit\u00e9 de la Musique de Marseille sous la houlette de Christian Bon. Autour de Pierre Verger, \u00e0 la fl\u00fbte traversi\u00e8re et au saxophone soprano, on retrouve Michel Spadari au piano, toujours et encore Thierry Andr\u00e9o et Marc Mazoti \u00e0 \u00e0 la guitare et la contrebasse, ainsi que Marcel Bel \u00e0 la batterie.<\/p>\n\n\n\n<p><strong><a href=\"https:\/\/jazzistiques.net\/index.php\/trio-de-cordes\/\">\u00ab&nbsp;Trio \u00e0 cordes&nbsp;\u00bb<\/a><\/strong> est un petit ensemble qui interpr\u00e8te de grands th\u00e8mes du patrimoine musical international. Parmi leurs projets, on peut noter \u00ab&nbsp;le Trio fait son cin\u00e9ma&nbsp;\u00bb o\u00f9 ils interpr\u00e8tent des musiques de films c\u00e9l\u00e8bres et \u00ab&nbsp;No\u00ebl en trio \u00e0 cordes&nbsp;\u00bb dans lequel ils interpr\u00e8tent des chants de No\u00ebl.<\/p>\n\n\n\n<p><strong><a href=\"https:\/\/jazzistiques.net\/wp-admin\/post.php?post=38&amp;action=edit\" data-type=\"link\" data-id=\"https:\/\/jazzistiques.net\/wp-admin\/post.php?post=38&amp;action=edit\">King Cotton<\/a> <\/strong>enfin est un groupe de blues \u00ab&nbsp;roots&nbsp;\u00bb. Autour du chanteur guitariste Gilbert Faure, ces quatre  musiciens interpr\u00e8tent avec force guitares \u00e9lectriques, basse et batterie des standards de blues\/rock. On y retrouve encore Thierry Andr\u00e9o \u00e0 la guitare, Marc Mazoti \u00e0 la basse \u00e9lectrique ainsi que Patrick Giovanoli \u00ab&nbsp;Mao&nbsp;\u00bb \u00e0 la batterie.<\/p>\n\n\n\n<p><\/p>\n\n\n\n<figure class=\"wp-block-image size-full\"><img loading=\"lazy\" decoding=\"async\" width=\"800\" height=\"533\" src=\"https:\/\/jazzistiques.net\/wp-content\/uploads\/2023\/12\/IMG_6199.jpg\" alt=\"\" class=\"wp-image-29\" srcset=\"https:\/\/jazzistiques.net\/wp-content\/uploads\/2023\/12\/IMG_6199.jpg 800w, https:\/\/jazzistiques.net\/wp-content\/uploads\/2023\/12\/IMG_6199-300x200.jpg 300w, https:\/\/jazzistiques.net\/wp-content\/uploads\/2023\/12\/IMG_6199-768x512.jpg 768w\" sizes=\"auto, (max-width: 800px) 100vw, 800px\" \/><\/figure>\n","protected":false},"excerpt":{"rendered":"<p>Parmi nos adh\u00e9rents, certains on d\u00e9velopp\u00e9 des projets musicaux et se produisent dans des \u00e9v\u00e8nements publics et priv\u00e9s. The FUNNY Valentines Jazz Band est un groupe de jazz vocal qui se produit principalement dans l\u2019\u00e9v\u00e8nementiel. Autour de la chanteuse Caroline Benoit, on retrouve Thierry Andr\u00e9o \u00e0 la guitare, Marc Mazoti \u00e0 la contrebasse, Patrick Giovanoli [&hellip;]<\/p>\n","protected":false},"author":1,"featured_media":0,"parent":0,"menu_order":2,"comment_status":"closed","ping_status":"closed","template":"","meta":{"footnotes":""},"class_list":["post-7","page","type-page","status-publish","hentry"],"_links":{"self":[{"href":"https:\/\/jazzistiques.net\/index.php\/wp-json\/wp\/v2\/pages\/7","targetHints":{"allow":["GET"]}}],"collection":[{"href":"https:\/\/jazzistiques.net\/index.php\/wp-json\/wp\/v2\/pages"}],"about":[{"href":"https:\/\/jazzistiques.net\/index.php\/wp-json\/wp\/v2\/types\/page"}],"author":[{"embeddable":true,"href":"https:\/\/jazzistiques.net\/index.php\/wp-json\/wp\/v2\/users\/1"}],"replies":[{"embeddable":true,"href":"https:\/\/jazzistiques.net\/index.php\/wp-json\/wp\/v2\/comments?post=7"}],"version-history":[{"count":15,"href":"https:\/\/jazzistiques.net\/index.php\/wp-json\/wp\/v2\/pages\/7\/revisions"}],"predecessor-version":[{"id":170,"href":"https:\/\/jazzistiques.net\/index.php\/wp-json\/wp\/v2\/pages\/7\/revisions\/170"}],"wp:attachment":[{"href":"https:\/\/jazzistiques.net\/index.php\/wp-json\/wp\/v2\/media?parent=7"}],"curies":[{"name":"wp","href":"https:\/\/api.w.org\/{rel}","templated":true}]}}